{"id":7816,"date":"2023-11-15T08:42:56","date_gmt":"2023-11-15T08:42:56","guid":{"rendered":"https:\/\/www.vizorsun.com\/revetements-de-zinc\/"},"modified":"2023-11-29T17:42:56","modified_gmt":"2023-11-29T17:42:56","slug":"revetements-de-zinc","status":"publish","type":"page","link":"https:\/\/www.vizorsun.com\/fr\/revetements-de-zinc\/","title":{"rendered":"Rev\u00eatements de zinc"},"content":{"rendered":"\t\t<div data-elementor-type=\"wp-page\" data-elementor-id=\"7816\" class=\"elementor elementor-7816\" data-elementor-post-type=\"page\">\n\t\t\t\t\t\t<section class=\"elementor-section elementor-top-section elementor-element elementor-element-63454d5 elementor-section-height-min-height elementor-section-items-top elementor-section-boxed elementor-section-height-default\" data-id=\"63454d5\" data-element_type=\"section\" data-e-type=\"section\" data-settings=\"{&quot;jet_parallax_layout_list&quot;:[],&quot;background_background&quot;:&quot;classic&quot;}\">\n\t\t\t\t\t\t<div class=\"elementor-container elementor-column-gap-default\">\n\t\t\t\t\t<div class=\"elementor-column elementor-col-100 elementor-top-column elementor-element elementor-element-673a57c\" data-id=\"673a57c\" data-element_type=\"column\" data-e-type=\"column\">\n\t\t\t<div class=\"elementor-widget-wrap elementor-element-populated\">\n\t\t\t\t\t\t<div class=\"elementor-element elementor-element-e135f7c elementor-widget elementor-widget-heading\" data-id=\"e135f7c\" data-element_type=\"widget\" data-e-type=\"widget\" data-widget_type=\"heading.default\">\n\t\t\t\t<div class=\"elementor-widget-container\">\n\t\t\t\t\t<h1 class=\"elementor-heading-title elementor-size-default\">D\u00e9couvrez les avantages et les inconv\u00e9nients du rev\u00eatement de l'oxyde de zinc avec des produits chimiques de pointe<\/h1>\t\t\t\t<\/div>\n\t\t\t\t<\/div>\n\t\t\t\t\t<\/div>\n\t\t<\/div>\n\t\t\t\t\t<\/div>\n\t\t<\/section>\n\t\t\t\t<section class=\"elementor-section elementor-top-section elementor-element elementor-element-c26cdfd elementor-section-full_width elementor-section-height-default elementor-section-height-default\" data-id=\"c26cdfd\" data-element_type=\"section\" data-e-type=\"section\" data-settings=\"{&quot;jet_parallax_layout_list&quot;:[],&quot;background_background&quot;:&quot;classic&quot;}\">\n\t\t\t\t\t\t<div class=\"elementor-container elementor-column-gap-custom\">\n\t\t\t\t\t<div class=\"elementor-column elementor-col-100 elementor-top-column elementor-element elementor-element-590410e\" data-id=\"590410e\" data-element_type=\"column\" data-e-type=\"column\" data-settings=\"{&quot;background_background&quot;:&quot;classic&quot;}\">\n\t\t\t<div class=\"elementor-widget-wrap elementor-element-populated\">\n\t\t\t\t\t\t<div class=\"elementor-element elementor-element-440c6a0 elementor-widget elementor-widget-jet-table\" data-id=\"440c6a0\" data-element_type=\"widget\" data-e-type=\"widget\" data-widget_type=\"jet-table.default\">\n\t\t\t\t<div class=\"elementor-widget-container\">\n\t\t\t\t\t<div class=\"elementor-jet-table jet-elements\">\n\t\t<div class=\"jet-table-wrapper jet-table-responsive-mobile jet-table-responsive-tablet\">\n\t\t\t<table class=\"jet-table jet-table--fa5-compat\">\n\t\t\t\t<thead class=\"jet-table__head\"><tr class=\"jet-table__head-row\"><th class=\"jet-table__cell elementor-repeater-item-9733115 jet-table__head-cell\" scope=\"col\"><div class=\"jet-table__cell-inner\"><div class=\"jet-table__cell-content\"><div class=\"jet-table__cell-text\">Produits chimiques<\/div><\/div><\/div><\/th><th class=\"jet-table__cell elementor-repeater-item-bd5fd4d jet-table__head-cell\" scope=\"col\"><div class=\"jet-table__cell-inner\"><div class=\"jet-table__cell-content\"><div class=\"jet-table__cell-text\">Pour<\/div><\/div><\/div><\/th><th class=\"jet-table__cell elementor-repeater-item-2464c41 jet-table__head-cell\" scope=\"col\"><div class=\"jet-table__cell-inner\"><div class=\"jet-table__cell-content\"><div class=\"jet-table__cell-text\">Cons<\/div><\/div><\/div><\/th><\/tr><\/thead>\n\t\t\t\t\t\t\t\t<tbody class=\"jet-table__body\"><tr class=\"jet-table__body-row elementor-repeater-item-25f4437\"><td class=\"jet-table__cell elementor-repeater-item-a222ad4 jet-table__body-cell\"><div class=\"jet-table__cell-inner\"><div class=\"jet-table__cell-content\"><div class=\"jet-table__cell-text\"><h2>1. Dim\u00e9thicone Oxyde de zinc<\/h2><\/div><\/div><\/div><\/td><td class=\"jet-table__cell elementor-repeater-item-eea332d jet-table__body-cell\"><div class=\"jet-table__cell-inner\"><div class=\"jet-table__cell-content\"><div class=\"jet-table__cell-text\">R\u00e9sistance accrue \u00e0 l&rsquo;eau pour une protection durable.\nTexture lisse et non grasse pour une application confortable.\nAm\u00e9lioration de la sensation de la peau avec un fini soyeux.<\/div><\/div><\/div><\/td><td class=\"jet-table__cell elementor-repeater-item-afb551c jet-table__body-cell\"><div class=\"jet-table__cell-inner\"><div class=\"jet-table__cell-content\"><div class=\"jet-table__cell-text\">Risque d&rsquo;obstruction des pores chez certaines personnes \u00e0 la peau sensible.\nR\u00e9duction de la biod\u00e9gradabilit\u00e9 et de l&rsquo;impact sur l&rsquo;environnement.<\/div><\/div><\/div><\/td><\/tr><tr class=\"jet-table__body-row elementor-repeater-item-2f3a1a8\"><td class=\"jet-table__cell elementor-repeater-item-bb6b455 jet-table__body-cell\"><div class=\"jet-table__cell-inner\"><div class=\"jet-table__cell-content\"><div class=\"jet-table__cell-text\"><h2>2. Tri\u00e9thoxycaprylylsilane<\/h2><\/div><\/div><\/div><\/td><td class=\"jet-table__cell elementor-repeater-item-a950fa7 jet-table__body-cell\"><div class=\"jet-table__cell-inner\"><div class=\"jet-table__cell-content\"><div class=\"jet-table__cell-text\">Meilleure dispersibilit\u00e9 et couverture uniforme de l&rsquo;oxyde de zinc.\nAdh\u00e9sion am\u00e9lior\u00e9e \u00e0 la peau, assurant une protection solaire prolong\u00e9e.\nMinimisation des taches blanches, ce qui rend le produit esth\u00e9tiquement agr\u00e9able.<\/div><\/div><\/div><\/td><td class=\"jet-table__cell elementor-repeater-item-6e85b2f jet-table__body-cell\"><div class=\"jet-table__cell-inner\"><div class=\"jet-table__cell-content\"><div class=\"jet-table__cell-text\">Recherche limit\u00e9e sur les effets \u00e0 long terme et l&rsquo;impact sur l&rsquo;environnement.\nProbl\u00e8mes de compatibilit\u00e9 possibles avec d&rsquo;autres ingr\u00e9dients.<\/div><\/div><\/div><\/td><\/tr><tr class=\"jet-table__body-row elementor-repeater-item-30d2757\"><td class=\"jet-table__cell elementor-repeater-item-376a27e jet-table__body-cell\"><div class=\"jet-table__cell-inner\"><div class=\"jet-table__cell-content\"><div class=\"jet-table__cell-text\"><h2>3. Ferulate d&rsquo;\u00e9thyle<\/h2><\/div><\/div><\/div><\/td><td class=\"jet-table__cell elementor-repeater-item-a116654 jet-table__body-cell\"><div class=\"jet-table__cell-inner\"><div class=\"jet-table__cell-content\"><div class=\"jet-table__cell-text\">Photostabilit\u00e9 am\u00e9lior\u00e9e, garantissant une protection UV plus durable.\nPropri\u00e9t\u00e9s antioxydantes potentielles pour des avantages suppl\u00e9mentaires pour la peau.<\/div><\/div><\/div><\/td><td class=\"jet-table__cell elementor-repeater-item-fd4a82d jet-table__body-cell\"><div class=\"jet-table__cell-inner\"><div class=\"jet-table__cell-content\"><div class=\"jet-table__cell-text\">Disponibilit\u00e9 limit\u00e9e et moins fr\u00e9quente dans les cr\u00e8mes solaires.\nDes recherches suppl\u00e9mentaires sont n\u00e9cessaires pour une compr\u00e9hension compl\u00e8te<\/div><\/div><\/div><\/td><\/tr><tr class=\"jet-table__body-row elementor-repeater-item-469c043\"><td class=\"jet-table__cell elementor-repeater-item-3bb8db0 jet-table__body-cell\"><div class=\"jet-table__cell-inner\"><div class=\"jet-table__cell-content\"><div class=\"jet-table__cell-text\"><h2>4. Acide polyhydroxyst\u00e9arique<\/h2><\/div><\/div><\/div><\/td><td class=\"jet-table__cell elementor-repeater-item-b086bcd jet-table__body-cell\"><div class=\"jet-table__cell-inner\"><div class=\"jet-table__cell-content\"><div class=\"jet-table__cell-text\">Am\u00e9lioration du toucher et de la texture de la peau gr\u00e2ce \u00e0 un fini soyeux et mat.\nAm\u00e9lioration de la stabilit\u00e9 et r\u00e9duction de l&rsquo;agglutination des particules d&rsquo;oxyde de zinc.<\/div><\/div><\/div><\/td><td class=\"jet-table__cell elementor-repeater-item-24194c7 jet-table__body-cell\"><div class=\"jet-table__cell-inner\"><div class=\"jet-table__cell-content\"><div class=\"jet-table__cell-text\">Risque de r\u00e9duction de la r\u00e9sistance \u00e0 l&rsquo;eau.\nIl peut \u00eatre n\u00e9cessaire de frotter davantage pour obtenir une application uniforme.<\/div><\/div><\/div><\/td><\/tr><tr class=\"jet-table__body-row elementor-repeater-item-d25cd6f\"><td class=\"jet-table__cell elementor-repeater-item-eb937c7 jet-table__body-cell\"><div class=\"jet-table__cell-inner\"><div class=\"jet-table__cell-content\"><div class=\"jet-table__cell-text\"><h2>5. Acrylates<\/h2><\/div><\/div><\/div><\/td><td class=\"jet-table__cell elementor-repeater-item-97abc64 jet-table__body-cell\"><div class=\"jet-table__cell-inner\"><div class=\"jet-table__cell-content\"><div class=\"jet-table__cell-text\">Stabilit\u00e9 accrue et r\u00e9partition uniforme de l&rsquo;oxyde de zinc.\nAm\u00e9lioration de la texture et de l&rsquo;\u00e9talement dans les formulations de cr\u00e8mes solaires.<\/div><\/div><\/div><\/td><td class=\"jet-table__cell elementor-repeater-item-4229fd8 jet-table__body-cell\"><div class=\"jet-table__cell-inner\"><div class=\"jet-table__cell-content\"><div class=\"jet-table__cell-text\">Possibilit\u00e9 de sensibilit\u00e9 cutan\u00e9e chez certains individus.\nProbl\u00e8mes de compatibilit\u00e9 avec d&rsquo;autres ingr\u00e9dients de la protection solaire.<\/div><\/div><\/div><\/td><\/tr><tr class=\"jet-table__body-row elementor-repeater-item-14b97d1\"><td class=\"jet-table__cell elementor-repeater-item-a04371d jet-table__body-cell\"><div class=\"jet-table__cell-inner\"><div class=\"jet-table__cell-content\"><div class=\"jet-table__cell-text\"><h2>6. Polysorbate 20<\/h2><\/div><\/div><\/div><\/td><td class=\"jet-table__cell elementor-repeater-item-161a21d jet-table__body-cell\"><div class=\"jet-table__cell-inner\"><div class=\"jet-table__cell-content\"><div class=\"jet-table__cell-text\">Dispersion am\u00e9lior\u00e9e de l&rsquo;oxyde de zinc pour une couverture uniforme.\nPropri\u00e9t\u00e9s \u00e9mollientes renforc\u00e9es, pour une application plus douce.<\/div><\/div><\/div><\/td><td class=\"jet-table__cell elementor-repeater-item-2d0b142 jet-table__body-cell\"><div class=\"jet-table__cell-inner\"><div class=\"jet-table__cell-content\"><div class=\"jet-table__cell-text\">Risque d&rsquo;interactions avec d&rsquo;autres ingr\u00e9dients.\nRecherches limit\u00e9es sur les effets \u00e0 long terme.<\/div><\/div><\/div><\/td><\/tr><tr class=\"jet-table__body-row elementor-repeater-item-b3958f1\"><td class=\"jet-table__cell elementor-repeater-item-b45e3c2 jet-table__body-cell\"><div class=\"jet-table__cell-inner\"><div class=\"jet-table__cell-content\"><div class=\"jet-table__cell-text\"><h2>7. Ph\u00e9nyl Trim\u00e9thicone<\/h2><\/div><\/div><\/div><\/td><td class=\"jet-table__cell elementor-repeater-item-04613cf jet-table__body-cell\"><div class=\"jet-table__cell-inner\"><div class=\"jet-table__cell-content\"><div class=\"jet-table__cell-text\">R\u00e9sistance accrue \u00e0 l&rsquo;eau pour une protection prolong\u00e9e.\nAm\u00e9lioration de la sensation sur la peau gr\u00e2ce \u00e0 une texture luxueuse et non grasse.<\/div><\/div><\/div><\/td><td class=\"jet-table__cell elementor-repeater-item-f45c11f jet-table__body-cell\"><div class=\"jet-table__cell-inner\"><div class=\"jet-table__cell-content\"><div class=\"jet-table__cell-text\">Risque de r\u00e9duction de la respirabilit\u00e9.\nPeut n\u00e9cessiter un m\u00e9lange suppl\u00e9mentaire pour une distribution uniforme.<\/div><\/div><\/div><\/td><\/tr><tr class=\"jet-table__body-row elementor-repeater-item-9fc78fe\"><td class=\"jet-table__cell elementor-repeater-item-4c8a3ab jet-table__body-cell\"><div class=\"jet-table__cell-inner\"><div class=\"jet-table__cell-content\"><div class=\"jet-table__cell-text\"><h2>8. Carbonate de dicaprylyle<\/h2><\/div><\/div><\/div><\/td><td class=\"jet-table__cell elementor-repeater-item-4e11913 jet-table__body-cell\"><div class=\"jet-table__cell-inner\"><div class=\"jet-table__cell-content\"><div class=\"jet-table__cell-text\">Am\u00e9lioration de l&rsquo;\u00e9talement et de l&rsquo;absorption de l&rsquo;oxyde de zinc.\nSensation de peau am\u00e9lior\u00e9e avec un fini l\u00e9ger et non gras.<\/div><\/div><\/div><\/td><td class=\"jet-table__cell elementor-repeater-item-b994bf7 jet-table__body-cell\"><div class=\"jet-table__cell-inner\"><div class=\"jet-table__cell-content\"><div class=\"jet-table__cell-text\">Risque de r\u00e9duction de la r\u00e9sistance \u00e0 l&rsquo;eau.\nUne nouvelle application peut s&rsquo;av\u00e9rer n\u00e9cessaire apr\u00e8s une exposition \u00e0 l&rsquo;eau.<\/div><\/div><\/div><\/td><\/tr><tr class=\"jet-table__body-row elementor-repeater-item-e6a1722\"><td class=\"jet-table__cell elementor-repeater-item-f1dcc35 jet-table__body-cell\"><div class=\"jet-table__cell-inner\"><div class=\"jet-table__cell-content\"><div class=\"jet-table__cell-text\"><h2>9. Caprylate de propylheptyle<\/h2><\/div><\/div><\/div><\/td><td class=\"jet-table__cell elementor-repeater-item-ee4edbf jet-table__body-cell\"><div class=\"jet-table__cell-inner\"><div class=\"jet-table__cell-content\"><div class=\"jet-table__cell-text\">Compatibilit\u00e9 accrue avec d&rsquo;autres ingr\u00e9dients de protection solaire.\nAm\u00e9lioration de la texture et de l&rsquo;\u00e9talement dans les formulations de cr\u00e8mes solaires.<\/div><\/div><\/div><\/td><td class=\"jet-table__cell elementor-repeater-item-f974dbc jet-table__body-cell\"><div class=\"jet-table__cell-inner\"><div class=\"jet-table__cell-content\"><div class=\"jet-table__cell-text\">Disponibilit\u00e9 limit\u00e9e et moins fr\u00e9quente dans les cr\u00e8mes solaires.\nRecherche limit\u00e9e sur les effets \u00e0 long terme et l&rsquo;impact sur l&rsquo;environnement.<\/div><\/div><\/div><\/td><\/tr><tr class=\"jet-table__body-row elementor-repeater-item-91ca1e1\"><td class=\"jet-table__cell elementor-repeater-item-e9a81e4 jet-table__body-cell\"><div class=\"jet-table__cell-inner\"><div class=\"jet-table__cell-content\"><div class=\"jet-table__cell-text\"><h2>10. Rev\u00eatement de silane<\/h2><\/div><\/div><\/div><\/td><td class=\"jet-table__cell elementor-repeater-item-f7c0ff1 jet-table__body-cell\"><div class=\"jet-table__cell-inner\"><div class=\"jet-table__cell-content\"><div class=\"jet-table__cell-text\">Am\u00e9lioration de la stabilit\u00e9 et de la dispersibilit\u00e9 de l&rsquo;oxyde de zinc.\nMeilleure adh\u00e9rence \u00e0 la peau pour une protection prolong\u00e9e.<\/div><\/div><\/div><\/td><td class=\"jet-table__cell elementor-repeater-item-447f40b jet-table__body-cell\"><div class=\"jet-table__cell-inner\"><div class=\"jet-table__cell-content\"><div class=\"jet-table__cell-text\">Peu de recherches sur l&rsquo;impact potentiel sur l&rsquo;environnement.\nProbl\u00e8mes de compatibilit\u00e9 avec d&rsquo;autres ingr\u00e9dients de la protection solaire.<\/div><\/div><\/div><\/td><\/tr><tr class=\"jet-table__body-row elementor-repeater-item-59781d6\"><td class=\"jet-table__cell elementor-repeater-item-1244ba0 jet-table__body-cell\"><div class=\"jet-table__cell-inner\"><div class=\"jet-table__cell-content\"><div class=\"jet-table__cell-text\"><h2>11. Polyisobut\u00e8ne hydrog\u00e9n\u00e9<\/h2><\/div><\/div><\/div><\/td><td class=\"jet-table__cell elementor-repeater-item-f624d77 jet-table__body-cell\"><div class=\"jet-table__cell-inner\"><div class=\"jet-table__cell-content\"><div class=\"jet-table__cell-text\">R\u00e9sistance \u00e0 l&rsquo;eau et durabilit\u00e9 globale accrues.\nAm\u00e9lioration de la sensation sur la peau gr\u00e2ce \u00e0 une texture luxueuse et non grasse.<\/div><\/div><\/div><\/td><td class=\"jet-table__cell elementor-repeater-item-191b55f jet-table__body-cell\"><div class=\"jet-table__cell-inner\"><div class=\"jet-table__cell-content\"><div class=\"jet-table__cell-text\">Il peut \u00eatre n\u00e9cessaire de frotter davantage pour obtenir une application uniforme.\nRisque de r\u00e9duction de la respirabilit\u00e9.<\/div><\/div><\/div><\/td><\/tr><tr class=\"jet-table__body-row elementor-repeater-item-538424a\"><td class=\"jet-table__cell elementor-repeater-item-106a9e5 jet-table__body-cell\"><div class=\"jet-table__cell-inner\"><div class=\"jet-table__cell-content\"><div class=\"jet-table__cell-text\"><h2>12. Cocoglyc\u00e9rides<\/h2><\/div><\/div><\/div><\/td><td class=\"jet-table__cell elementor-repeater-item-9a24adb jet-table__body-cell\"><div class=\"jet-table__cell-inner\"><div class=\"jet-table__cell-content\"><div class=\"jet-table__cell-text\">Sensation de peau am\u00e9lior\u00e9e avec un fini l\u00e9ger et non gras.\nCompatibilit\u00e9 am\u00e9lior\u00e9e avec d&rsquo;autres ingr\u00e9dients de la protection solaire.<\/div><\/div><\/div><\/td><td class=\"jet-table__cell elementor-repeater-item-60de13d jet-table__body-cell\"><div class=\"jet-table__cell-inner\"><div class=\"jet-table__cell-content\"><div class=\"jet-table__cell-text\">Possibilit\u00e9 d&rsquo;allergies ou de sensibilit\u00e9s cutan\u00e9es chez certains individus.\nRecherche limit\u00e9e sur les effets \u00e0 long terme et l&rsquo;impact sur l&rsquo;environnement.<\/div><\/div><\/div><\/td><\/tr><tr class=\"jet-table__body-row elementor-repeater-item-fce7120\"><td class=\"jet-table__cell elementor-repeater-item-0c4fa72 jet-table__body-cell\"><div class=\"jet-table__cell-inner\"><div class=\"jet-table__cell-content\"><div class=\"jet-table__cell-text\"><h2>13. Adipate de dibutyle<\/h2><\/div><\/div><\/div><\/td><td class=\"jet-table__cell elementor-repeater-item-6973f82 jet-table__body-cell\"><div class=\"jet-table__cell-inner\"><div class=\"jet-table__cell-content\"><div class=\"jet-table__cell-text\">Am\u00e9lioration de l&rsquo;\u00e9talement et de l&rsquo;absorption de l&rsquo;oxyde de zinc.\nAm\u00e9lioration de la sensation sur la peau avec un fini non gras et confortable.<\/div><\/div><\/div><\/td><td class=\"jet-table__cell elementor-repeater-item-45867e7 jet-table__body-cell\"><div class=\"jet-table__cell-inner\"><div class=\"jet-table__cell-content\"><div class=\"jet-table__cell-text\">Risque de r\u00e9duction de la r\u00e9sistance \u00e0 l&rsquo;eau.\nPeut n\u00e9cessiter une nouvelle application apr\u00e8s une exposition \u00e0 l&rsquo;eau.<\/div><\/div><\/div><\/td><\/tr><\/tbody>\n\t\t\t<\/table>\n\t\t<\/div>\n\n\t\t<\/div>\t\t\t\t<\/div>\n\t\t\t\t<\/div>\n\t\t\t\t\t<\/div>\n\t\t<\/div>\n\t\t\t\t\t<\/div>\n\t\t<\/section>\n\t\t\t\t<section class=\"elementor-section elementor-top-section elementor-element elementor-element-75cdf1a elementor-section-boxed elementor-section-height-default elementor-section-height-default\" data-id=\"75cdf1a\" data-element_type=\"section\" data-e-type=\"section\" data-settings=\"{&quot;jet_parallax_layout_list&quot;:[]}\">\n\t\t\t\t\t\t<div class=\"elementor-container elementor-column-gap-default\">\n\t\t\t\t\t<div class=\"elementor-column elementor-col-100 elementor-top-column elementor-element elementor-element-1f52039\" data-id=\"1f52039\" data-element_type=\"column\" data-e-type=\"column\">\n\t\t\t<div class=\"elementor-widget-wrap elementor-element-populated\">\n\t\t\t\t\t\t<div class=\"elementor-element elementor-element-865c10f elementor-widget__width-initial elementor-widget elementor-widget-heading\" data-id=\"865c10f\" data-element_type=\"widget\" data-e-type=\"widget\" data-widget_type=\"heading.default\">\n\t\t\t\t<div class=\"elementor-widget-container\">\n\t\t\t\t\t<h2 class=\"elementor-heading-title elementor-size-default\">Les produits \u00e0 base d'oxyde de zinc de Vizor ont fait l'objet d'articles dans  \ndes publications sectorielles de premier plan telles que Happi et  \nCosm\u00e9tiques et produits de toilette  <\/h2>\t\t\t\t<\/div>\n\t\t\t\t<\/div>\n\t\t\t\t<section class=\"elementor-section elementor-inner-section elementor-element elementor-element-928454d elementor-section-full_width elementor-section-height-default elementor-section-height-default\" data-id=\"928454d\" data-element_type=\"section\" data-e-type=\"section\" data-settings=\"{&quot;jet_parallax_layout_list&quot;:[]}\">\n\t\t\t\t\t\t<div class=\"elementor-container elementor-column-gap-default\">\n\t\t\t\t\t<div class=\"elementor-column elementor-col-33 elementor-inner-column elementor-element elementor-element-47522d2\" data-id=\"47522d2\" data-element_type=\"column\" data-e-type=\"column\">\n\t\t\t<div class=\"elementor-widget-wrap elementor-element-populated\">\n\t\t\t\t\t\t<div class=\"elementor-element elementor-element-f7145b6 elementor-widget elementor-widget-image\" data-id=\"f7145b6\" data-element_type=\"widget\" data-e-type=\"widget\" data-widget_type=\"image.default\">\n\t\t\t\t<div class=\"elementor-widget-container\">\n\t\t\t\t\t\t\t\t\t\t\t\t\t\t\t<img decoding=\"async\" width=\"223\" height=\"87\" src=\"https:\/\/www.vizorsun.com\/wp-content\/uploads\/2023\/11\/cosmetics-and-toiletries-logo.png\" class=\"attachment-large size-large wp-image-7383\" alt=\"cosmetics-and-toiletries-logo\" \/>\t\t\t\t\t\t\t\t\t\t\t\t\t\t\t<\/div>\n\t\t\t\t<\/div>\n\t\t\t\t\t<\/div>\n\t\t<\/div>\n\t\t\t\t<div class=\"elementor-column elementor-col-33 elementor-inner-column elementor-element elementor-element-d94044a\" data-id=\"d94044a\" data-element_type=\"column\" data-e-type=\"column\">\n\t\t\t<div class=\"elementor-widget-wrap elementor-element-populated\">\n\t\t\t\t\t\t<div class=\"elementor-element elementor-element-16d43c3 elementor-align-center elementor-widget-laptop__width-initial elementor-widget elementor-widget-button\" data-id=\"16d43c3\" data-element_type=\"widget\" data-e-type=\"widget\" data-widget_type=\"button.default\">\n\t\t\t\t<div class=\"elementor-widget-container\">\n\t\t\t\t\t\t\t\t\t<div class=\"elementor-button-wrapper\">\n\t\t\t\t\t<a class=\"elementor-button elementor-button-link elementor-size-sm\" href=\"https:\/\/www.vizorsun.com\/powders\/\">\n\t\t\t\t\t\t<span class=\"elementor-button-content-wrapper\">\n\t\t\t\t\t\t\t\t\t<span class=\"elementor-button-text\">En savoir plus et commander un \u00e9chantillon gratuit<\/span>\n\t\t\t\t\t<\/span>\n\t\t\t\t\t<\/a>\n\t\t\t\t<\/div>\n\t\t\t\t\t\t\t\t<\/div>\n\t\t\t\t<\/div>\n\t\t\t\t\t<\/div>\n\t\t<\/div>\n\t\t\t\t<div class=\"elementor-column elementor-col-33 elementor-inner-column elementor-element elementor-element-37e9bd0\" data-id=\"37e9bd0\" data-element_type=\"column\" data-e-type=\"column\">\n\t\t\t<div class=\"elementor-widget-wrap elementor-element-populated\">\n\t\t\t\t\t\t<div class=\"elementor-element elementor-element-b5e07fb elementor-widget elementor-widget-image\" data-id=\"b5e07fb\" data-element_type=\"widget\" data-e-type=\"widget\" data-widget_type=\"image.default\">\n\t\t\t\t<div class=\"elementor-widget-container\">\n\t\t\t\t\t\t\t\t\t\t\t\t\t\t\t<img decoding=\"async\" width=\"168\" height=\"92\" src=\"https:\/\/www.vizorsun.com\/wp-content\/uploads\/2023\/11\/Happi-Logo-Silo.png\" class=\"attachment-large size-large wp-image-7351\" alt=\"Happi-Logo-Silo\" \/>\t\t\t\t\t\t\t\t\t\t\t\t\t\t\t<\/div>\n\t\t\t\t<\/div>\n\t\t\t\t\t<\/div>\n\t\t<\/div>\n\t\t\t\t\t<\/div>\n\t\t<\/section>\n\t\t\t\t\t<\/div>\n\t\t<\/div>\n\t\t\t\t\t<\/div>\n\t\t<\/section>\n\t\t\t\t<\/div>\n\t\t","protected":false},"excerpt":{"rendered":"<p>D\u00e9couvrez les avantages et les inconv\u00e9nients du rev\u00eatement de l&rsquo;oxyde de zinc avec des produits chimiques de pointe Produits chimiques Pour Cons 1. Dim\u00e9thicone Oxyde de zinc R\u00e9sistance accrue \u00e0 l&#8217;eau pour une protection durable. Texture lisse et non grasse pour une application confortable. Am\u00e9lioration de la sensation de la peau avec un fini soyeux. &hellip;<\/p>\n<p class=\"read-more\"> <a class=\"\" href=\"https:\/\/www.vizorsun.com\/fr\/revetements-de-zinc\/\"> <span class=\"screen-reader-text\">Rev\u00eatements de zinc<\/span> Lire la suite\u00a0\u00bb<\/a><\/p>\n","protected":false},"author":6,"featured_media":0,"parent":0,"menu_order":0,"comment_status":"closed","ping_status":"closed","template":"","meta":{"_acf_changed":false,"om_disable_all_campaigns":false,"site-sidebar-layout":"no-sidebar","site-content-layout":"page-builder","ast-main-header-display":"","ast-hfb-above-header-display":"","ast-hfb-below-header-display":"","ast-hfb-mobile-header-display":"","site-post-title":"disabled","ast-breadcrumbs-content":"","ast-featured-img":"disabled","footer-sml-layout":"","theme-transparent-header-meta":"","adv-header-id-meta":"","stick-header-meta":"","header-above-stick-meta":"","header-main-stick-meta":"","header-below-stick-meta":"","footnotes":""},"class_list":["post-7816","page","type-page","status-publish","hentry"],"acf":[],"aioseo_notices":[],"_links":{"self":[{"href":"https:\/\/www.vizorsun.com\/fr\/wp-json\/wp\/v2\/pages\/7816","targetHints":{"allow":["GET"]}}],"collection":[{"href":"https:\/\/www.vizorsun.com\/fr\/wp-json\/wp\/v2\/pages"}],"about":[{"href":"https:\/\/www.vizorsun.com\/fr\/wp-json\/wp\/v2\/types\/page"}],"author":[{"embeddable":true,"href":"https:\/\/www.vizorsun.com\/fr\/wp-json\/wp\/v2\/users\/6"}],"replies":[{"embeddable":true,"href":"https:\/\/www.vizorsun.com\/fr\/wp-json\/wp\/v2\/comments?post=7816"}],"version-history":[{"count":0,"href":"https:\/\/www.vizorsun.com\/fr\/wp-json\/wp\/v2\/pages\/7816\/revisions"}],"wp:attachment":[{"href":"https:\/\/www.vizorsun.com\/fr\/wp-json\/wp\/v2\/media?parent=7816"}],"curies":[{"name":"wp","href":"https:\/\/api.w.org\/{rel}","templated":true}]}}